{"id":5733,"date":"2022-04-11T09:48:24","date_gmt":"2022-04-11T09:48:24","guid":{"rendered":"https:\/\/perparimisteel.com\/products\/"},"modified":"2024-08-05T11:05:24","modified_gmt":"2024-08-05T11:05:24","slug":"produkte","status":"publish","type":"page","link":"https:\/\/perparimisteel.com\/sq\/produkte\/","title":{"rendered":"Produkte"},"content":{"rendered":"\t\t<div data-elementor-type=\"wp-page\" data-elementor-id=\"5733\" class=\"elementor elementor-5733 elementor-1899\">\n\t\t\t\t\t\t<section class=\"elementor-section elementor-top-section elementor-element elementor-element-45948c5 elementor-section-stretched elementor-section-boxed elementor-section-height-default elementor-section-height-default\" data-id=\"45948c5\" data-element_type=\"section\" data-settings=\"{&quot;stretch_section&quot;:&quot;section-stretched&quot;}\">\n\t\t\t\t\t\t<div class=\"elementor-container elementor-column-gap-default\">\n\t\t\t\t\t<div class=\"elementor-column elementor-col-33 elementor-top-column elementor-element elementor-element-24c7ed5\" data-id=\"24c7ed5\" data-element_type=\"column\">\n\t\t\t<div class=\"elementor-widget-wrap elementor-element-populated\">\n\t\t\t\t\t\t<div class=\"elementor-element elementor-element-8ef8429 elementor-widget elementor-widget-tfimagebox\" data-id=\"8ef8429\" data-element_type=\"widget\" data-widget_type=\"tfimagebox.default\">\n\t\t\t\t<div class=\"elementor-widget-container\">\n\t\t\t\t\t<div class=\"tf-imagebox\"> \r\n                <div class=\"image\"><img decoding=\"async\" src=\"https:\/\/perparimisteel.com\/wp-content\/uploads\/elementor\/thumbs\/raw-materior-steel-bar-steel-line-construction-site-banner-size-1-e1662713605638-pui2w6lngl97hkn2niktrk5nwdhesni65kwdvtbzqk.jpg\" title=\"raw-materior-steel-bar-steel-line-construction-site-banner-size\" alt=\"Perparimi Steel - Black Annealed Wire Manufacturer in Albania. High quality low carbon steel, which is often used typically in construction\" loading=\"lazy\" \/> <\/div>\r\n                <div class=\"content\">               \r\n\t\t\t\t\t<h4 class=\"title\"><a href=\"https:\/\/perparimisteel.com\/sq\/product\/tel-bari\/\"  >Tel Bari<\/a><\/h4>\r\n\t                <div class=\"description\"><p>Teli i Barit \u00ebsht\u00eb b\u00ebr\u00eb nga \u00e7eliku me cil\u00ebsi t\u00eb lart\u00eb me karbon t\u00eb ul\u00ebt, i cili p\u00ebrdoret shpesh p\u00ebr thurje dhe ruajtje zakonisht n\u00eb nd\u00ebrtim. Ai \u00ebsht\u00eb shum\u00eb i but\u00eb dhe ka fleksibilitet m\u00eb t\u00eb lart\u00eb kur krahasohet, p\u00ebr shembull, me tela hekuri t\u00eb zi.<\/p><\/div>\r\n\t                <div class=\"tf-button-container \"><a class=\"tf-button bt_icon_after hover-default\" href=\"https:\/\/perparimisteel.com\/sq\/product\/tel-bari\/\"  >Shiko me shume <i class=\"fas fa-arrow-right\"><\/i><\/a><\/div>\r\n\t\t\t\t<\/div>\r\n            <\/div>\t\t\t\t<\/div>\n\t\t\t\t<\/div>\n\t\t\t\t\t<\/div>\n\t\t<\/div>\n\t\t\t\t<div class=\"elementor-column elementor-col-33 elementor-top-column elementor-element elementor-element-cc49954\" data-id=\"cc49954\" data-element_type=\"column\">\n\t\t\t<div class=\"elementor-widget-wrap elementor-element-populated\">\n\t\t\t\t\t\t<div class=\"elementor-element elementor-element-fd74cb5 elementor-widget elementor-widget-tfimagebox\" data-id=\"fd74cb5\" data-element_type=\"widget\" data-widget_type=\"tfimagebox.default\">\n\t\t\t\t<div class=\"elementor-widget-container\">\n\t\t\t\t\t<div class=\"tf-imagebox\"> \r\n                <div class=\"image\"><img decoding=\"async\" src=\"https:\/\/perparimisteel.com\/wp-content\/uploads\/elementor\/thumbs\/WhatsApp-Image-2022-09-10-at-15.24.22-e1662816431745-puk5gz2870j51ctzd14wn28uaohqhnxqm25uy0kfcc.jpeg\" title=\"\" alt=\"Galvanized Steel Wire Manufacturer in Albania - Perparimi Steel - Galvanized wire is strong, rust-resistant and multi-purposeful.\" loading=\"lazy\" \/> <\/div>\r\n                <div class=\"content\">               \r\n\t\t\t\t\t<h4 class=\"title\"><a href=\"https:\/\/perparimisteel.com\/sq\/product\/tel-celiku-i-galvanizuar\/\"  >Tel i galvanizuar<\/a><\/h4>\r\n\t                <div class=\"description\"><p>Teli i galvanizuar mund t\u00eb b\u00ebhet nga \u00e7eliku me cil\u00ebsi t\u00eb lart\u00eb me karbon t\u00eb ul\u00ebt dhe \u00e7eliku me karbon t\u00eb mes\u00ebm, i cili p\u00ebrdoret shpesh p\u00ebr rrjet\u00eb rrethuese dhe n\u00eb produkte bujq\u00ebsore. Termi i galvanizuar do t\u00eb thot\u00eb q\u00eb ka nj\u00eb shtres\u00eb uniforme zinku n\u00eb sip\u00ebrfaqen e telit.<\/p><\/div>\r\n\t                <div class=\"tf-button-container \"><a class=\"tf-button bt_icon_after hover-default\" href=\"https:\/\/perparimisteel.com\/sq\/product\/tel-celiku-i-galvanizuar\/\"  >Shiko me shume <i class=\"fas fa-arrow-right\"><\/i><\/a><\/div>\r\n\t\t\t\t<\/div>\r\n            <\/div>\t\t\t\t<\/div>\n\t\t\t\t<\/div>\n\t\t\t\t\t<\/div>\n\t\t<\/div>\n\t\t\t\t<div class=\"elementor-column elementor-col-33 elementor-top-column elementor-element elementor-element-c01f6f3\" data-id=\"c01f6f3\" data-element_type=\"column\">\n\t\t\t<div class=\"elementor-widget-wrap elementor-element-populated\">\n\t\t\t\t\t\t<div class=\"elementor-element elementor-element-f00563d elementor-widget elementor-widget-tfimagebox\" data-id=\"f00563d\" data-element_type=\"widget\" data-widget_type=\"tfimagebox.default\">\n\t\t\t\t<div class=\"elementor-widget-container\">\n\t\t\t\t\t<div class=\"tf-imagebox\"> \r\n                <div class=\"image\"><img decoding=\"async\" src=\"https:\/\/perparimisteel.com\/wp-content\/uploads\/elementor\/thumbs\/perparimi-sha-foto-pershkrimi-4-min-puazspj7pprskw5dowpvzz706xnpijqyvlqpjhrf70.jpg\" title=\"\" alt=\"Steel Nails Manufacturer in Albania - Perparimi Steel - High Quality Low Carbon Steel, High Tensile Strength and a Strong Structure Overall.\" loading=\"lazy\" \/> <\/div>\r\n                <div class=\"content\">               \r\n\t\t\t\t\t<h4 class=\"title\"><a href=\"https:\/\/perparimisteel.com\/sq\/product\/gozhde-celiku\/\"  >Gozhde Celiku<\/a><\/h4>\r\n\t                <div class=\"description\"><p>Gozhd\u00ebt e \u00e7elikut jan\u00eb b\u00ebr\u00eb prej \u00e7eliku me cil\u00ebsi t\u00eb lart\u00eb me karbon t\u00eb ul\u00ebt, i cili siguron rezistenc\u00eb t\u00eb lart\u00eb n\u00eb t\u00ebrheqje dhe nj\u00eb struktur\u00eb t\u00eb fort\u00eb. Ato kan\u00eb p\u00ebrdorime t\u00eb p\u00ebrditshme q\u00eb nga nd\u00ebrtimi tek aplikimet n\u00eb sht\u00ebpi dhe p\u00ebr montimin e objekteve t\u00eb p\u00ebrditshme.<\/p><\/div>\r\n\t                <div class=\"tf-button-container \"><a class=\"tf-button bt_icon_after hover-default\" href=\"https:\/\/perparimisteel.com\/sq\/product\/gozhde-celiku\/\"  >Shiko me shume <i class=\"fas fa-arrow-right\"><\/i><\/a><\/div>\r\n\t\t\t\t<\/div>\r\n            <\/div>\t\t\t\t<\/div>\n\t\t\t\t<\/div>\n\t\t\t\t\t<\/div>\n\t\t<\/div>\n\t\t\t\t\t<\/div>\n\t\t<\/section>\n\t\t\t\t<section class=\"elementor-section elementor-top-section elementor-element elementor-element-302e4ebf elementor-section-boxed elementor-section-height-default elementor-section-height-default\" data-id=\"302e4ebf\" data-element_type=\"section\">\n\t\t\t\t\t\t<div class=\"elementor-container elementor-column-gap-default\">\n\t\t\t\t\t<div class=\"elementor-column elementor-col-25 elementor-top-column elementor-element elementor-element-13855a4b\" data-id=\"13855a4b\" data-element_type=\"column\">\n\t\t\t<div class=\"elementor-widget-wrap\">\n\t\t\t\t\t\t\t<\/div>\n\t\t<\/div>\n\t\t\t\t<div class=\"elementor-column elementor-col-25 elementor-top-column elementor-element elementor-element-3224b725\" data-id=\"3224b725\" data-element_type=\"column\">\n\t\t\t<div class=\"elementor-widget-wrap elementor-element-populated\">\n\t\t\t\t\t\t<div class=\"elementor-element elementor-element-428aafb elementor-widget elementor-widget-tfimagebox\" data-id=\"428aafb\" data-element_type=\"widget\" data-widget_type=\"tfimagebox.default\">\n\t\t\t\t<div class=\"elementor-widget-container\">\n\t\t\t\t\t<div class=\"tf-imagebox\"> \r\n                <div class=\"image\"><img decoding=\"async\" src=\"https:\/\/perparimisteel.com\/wp-content\/uploads\/elementor\/thumbs\/Electro-welded-wire-mesh-qcsjqs23xkqrv8fddvop5yb8gwpytmhwlo1q0cb9v0.jpg\" title=\"Electro-welded wire mesh\" alt=\"Prodhues Zgara p\u00ebr nd\u00ebrtim ne Shqip\u00ebri - Perparimi Steel - Zgara Hekuri p\u00ebr nd\u00ebrtim ne Shqip\u00ebri me cil\u00ebsi t\u00eb lart\u00eb dhe ne permasa te ndryshme Perparimi Steel - Electro-welded wire mesh Manufacturer in Albania, Electro-welded wire mesh Manufacturer Europe, Wire Mesh Factory Balkan\" loading=\"lazy\" \/> <\/div>\r\n                <div class=\"content\">               \r\n\t\t\t\t\t<h4 class=\"title\"><a href=\"https:\/\/perparimisteel.com\/sq\/product\/zgara-per-ndertim\/\"  >Zgara p\u00ebr nd\u00ebrtim<\/a><\/h4>\r\n\t                <div class=\"description\"><p>Zgarat p\u00ebr nd\u00ebrtim prodhohen duke p\u00ebrdorur metod\u00ebn e saldimit elektronik me pika t\u00eb rezistenc\u00ebs (RSW), e cila plot\u00ebson standardet e k\u00ebrkuara t\u00eb cil\u00ebsis\u00eb, SRPS EN 10080:2008. Duke kombinuar shufrat e ndryshme me diamet\u00ebr \u00f84 \u2013 \u00f812 mm dhe dimensione t\u00eb ndryshme t\u00eb hap\u00ebsir\u00ebs,\u00a0<\/p><\/div>\r\n\t                <div class=\"tf-button-container \"><a class=\"tf-button bt_icon_after hover-default\" href=\"https:\/\/perparimisteel.com\/sq\/product\/zgara-per-ndertim\/\"  >Learn more <i class=\"fas fa-arrow-right\"><\/i><\/a><\/div>\r\n\t\t\t\t<\/div>\r\n            <\/div>\t\t\t\t<\/div>\n\t\t\t\t<\/div>\n\t\t\t\t\t<\/div>\n\t\t<\/div>\n\t\t\t\t<div class=\"elementor-column elementor-col-25 elementor-top-column elementor-element elementor-element-6036590a\" data-id=\"6036590a\" data-element_type=\"column\">\n\t\t\t<div class=\"elementor-widget-wrap elementor-element-populated\">\n\t\t\t\t\t\t<div class=\"elementor-element elementor-element-3fce0b97 elementor-widget elementor-widget-tfimagebox\" data-id=\"3fce0b97\" data-element_type=\"widget\" data-widget_type=\"tfimagebox.default\">\n\t\t\t\t<div class=\"elementor-widget-container\">\n\t\t\t\t\t<div class=\"tf-imagebox\"> \r\n                <div class=\"image\"><img decoding=\"async\" src=\"https:\/\/perparimisteel.com\/wp-content\/uploads\/elementor\/thumbs\/Ribbed-Bars-qcsznmt52oxrjwbobhzere8dmp71wwosp16r76xprg.jpeg\" title=\"Ribbed Bars\" alt=\"Perparimi Steel - Ribbed Bars Manufacturer in Albania - Ribbed Bars Manufacturer in Balkan, Eastern Europe\" loading=\"lazy\" \/> <\/div>\r\n                <div class=\"content\">               \r\n\t\t\t\t\t<h4 class=\"title\"><a href=\"https:\/\/perparimisteel.com\/sq\/product\/hekur-i-perpunuar-me-vjaska-ose-pa-vjaska\/\"  >Hekur i p\u00ebrpunuar me vjaska ose pa vjaska<\/a><\/h4>\r\n\t                <div class=\"description\"><p>Hekur i p\u00ebrpunuar me vjaska ose pa vjaska i referohet \u00e7elikut t\u00eb p\u00ebrdorur p\u00ebr beton t\u00eb armuar dhe beton t\u00eb p\u00ebrforcuar t\u00eb paranderur. Forma e vjaskave t\u00ebrthore \u00ebsht\u00eb spirale, kurriz peshku dhe gjysm\u00ebh\u00ebn\u00eb.<\/p><\/div>\r\n\t                <div class=\"tf-button-container \"><a class=\"tf-button bt_icon_after hover-default\" href=\"https:\/\/perparimisteel.com\/sq\/product\/hekur-i-perpunuar-me-vjaska-ose-pa-vjaska\/\"  >Learn more <i class=\"fas fa-arrow-right\"><\/i><\/a><\/div>\r\n\t\t\t\t<\/div>\r\n            <\/div>\t\t\t\t<\/div>\n\t\t\t\t<\/div>\n\t\t\t\t\t<\/div>\n\t\t<\/div>\n\t\t\t\t<div class=\"elementor-column elementor-col-25 elementor-top-column elementor-element elementor-element-646e54c9\" data-id=\"646e54c9\" data-element_type=\"column\">\n\t\t\t<div class=\"elementor-widget-wrap\">\n\t\t\t\t\t\t\t<\/div>\n\t\t<\/div>\n\t\t\t\t\t<\/div>\n\t\t<\/section>\n\t\t\t\t<\/div>\n\t\t","protected":false},"excerpt":{"rendered":"<p>Tel Bari Teli i Barit \u00ebsht\u00eb b\u00ebr\u00eb nga \u00e7eliku me cil\u00ebsi t\u00eb lart\u00eb me karbon t\u00eb ul\u00ebt, i cili p\u00ebrdoret shpesh p\u00ebr thurje dhe ruajtje zakonisht n\u00eb [&hellip;]<\/p>\n","protected":false},"author":1,"featured_media":0,"parent":0,"menu_order":0,"comment_status":"closed","ping_status":"closed","template":"","meta":{"footnotes":""},"class_list":["post-5733","page","type-page","status-publish","hentry"],"yoast_head":"<!-- This site is optimized with the Yoast SEO Premium plugin v23.7 (Yoast SEO v24.5) - https:\/\/yoast.com\/wordpress\/plugins\/seo\/ -->\n<title>Produkte - Perparimi Steel<\/title>\n<meta name=\"robots\" content=\"index, follow, max-snippet:-1, max-image-preview:large, max-video-preview:-1\" \/>\n<link rel=\"canonical\" href=\"https:\/\/perparimisteel.com\/sq\/produkte\/\" \/>\n<meta property=\"og:locale\" content=\"sq_AL\" \/>\n<meta property=\"og:type\" content=\"article\" \/>\n<meta property=\"og:title\" content=\"Produkte\" \/>\n<meta property=\"og:description\" content=\"Tel Bari Teli i Barit \u00ebsht\u00eb b\u00ebr\u00eb nga \u00e7eliku me cil\u00ebsi t\u00eb lart\u00eb me karbon t\u00eb ul\u00ebt, i cili p\u00ebrdoret shpesh p\u00ebr thurje dhe ruajtje zakonisht n\u00eb [&hellip;]\" \/>\n<meta property=\"og:url\" content=\"https:\/\/perparimisteel.com\/sq\/produkte\/\" \/>\n<meta property=\"og:site_name\" content=\"Perparimi Steel\" \/>\n<meta property=\"article:modified_time\" content=\"2024-08-05T11:05:24+00:00\" \/>\n<meta property=\"og:image\" content=\"https:\/\/perparimisteel.com\/wp-content\/uploads\/elementor\/thumbs\/raw-materior-steel-bar-steel-line-construction-site-banner-size-1-e1662713605638-pui2w6lngl97hkn2niktrk5nwdhesni65kwdvtbzqk.jpg\" \/>\n<meta name=\"twitter:card\" content=\"summary_large_image\" \/>\n<meta name=\"twitter:label1\" content=\"Est. reading time\" \/>\n\t<meta name=\"twitter:data1\" content=\"2 minutes\" \/>\n<script type=\"application\/ld+json\" class=\"yoast-schema-graph\">{\"@context\":\"https:\/\/schema.org\",\"@graph\":[{\"@type\":\"WebPage\",\"@id\":\"https:\/\/perparimisteel.com\/sq\/produkte\/\",\"url\":\"https:\/\/perparimisteel.com\/sq\/produkte\/\",\"name\":\"Produkte - Perparimi Steel\",\"isPartOf\":{\"@id\":\"https:\/\/perparimisteel.com\/#website\"},\"primaryImageOfPage\":{\"@id\":\"https:\/\/perparimisteel.com\/sq\/produkte\/#primaryimage\"},\"image\":{\"@id\":\"https:\/\/perparimisteel.com\/sq\/produkte\/#primaryimage\"},\"thumbnailUrl\":\"https:\/\/perparimisteel.com\/wp-content\/uploads\/elementor\/thumbs\/raw-materior-steel-bar-steel-line-construction-site-banner-size-1-e1662713605638-pui2w6lngl97hkn2niktrk5nwdhesni65kwdvtbzqk.jpg\",\"datePublished\":\"2022-04-11T09:48:24+00:00\",\"dateModified\":\"2024-08-05T11:05:24+00:00\",\"breadcrumb\":{\"@id\":\"https:\/\/perparimisteel.com\/sq\/produkte\/#breadcrumb\"},\"inLanguage\":\"sq-AL\",\"potentialAction\":[{\"@type\":\"ReadAction\",\"target\":[\"https:\/\/perparimisteel.com\/sq\/produkte\/\"]}]},{\"@type\":\"ImageObject\",\"inLanguage\":\"sq-AL\",\"@id\":\"https:\/\/perparimisteel.com\/sq\/produkte\/#primaryimage\",\"url\":\"https:\/\/perparimisteel.com\/wp-content\/uploads\/elementor\/thumbs\/raw-materior-steel-bar-steel-line-construction-site-banner-size-1-e1662713605638-pui2w6lngl97hkn2niktrk5nwdhesni65kwdvtbzqk.jpg\",\"contentUrl\":\"https:\/\/perparimisteel.com\/wp-content\/uploads\/elementor\/thumbs\/raw-materior-steel-bar-steel-line-construction-site-banner-size-1-e1662713605638-pui2w6lngl97hkn2niktrk5nwdhesni65kwdvtbzqk.jpg\"},{\"@type\":\"BreadcrumbList\",\"@id\":\"https:\/\/perparimisteel.com\/sq\/produkte\/#breadcrumb\",\"itemListElement\":[{\"@type\":\"ListItem\",\"position\":1,\"name\":\"Home\",\"item\":\"https:\/\/perparimisteel.com\/\"},{\"@type\":\"ListItem\",\"position\":2,\"name\":\"Produkte\"}]},{\"@type\":\"WebSite\",\"@id\":\"https:\/\/perparimisteel.com\/#website\",\"url\":\"https:\/\/perparimisteel.com\/\",\"name\":\"Perparimi Steel\",\"description\":\"Steel Products\",\"publisher\":{\"@id\":\"https:\/\/perparimisteel.com\/#organization\"},\"potentialAction\":[{\"@type\":\"SearchAction\",\"target\":{\"@type\":\"EntryPoint\",\"urlTemplate\":\"https:\/\/perparimisteel.com\/?s={search_term_string}\"},\"query-input\":{\"@type\":\"PropertyValueSpecification\",\"valueRequired\":true,\"valueName\":\"search_term_string\"}}],\"inLanguage\":\"sq-AL\"},{\"@type\":\"Organization\",\"@id\":\"https:\/\/perparimisteel.com\/#organization\",\"name\":\"Perparimi Steel\",\"url\":\"https:\/\/perparimisteel.com\/\",\"logo\":{\"@type\":\"ImageObject\",\"inLanguage\":\"sq-AL\",\"@id\":\"https:\/\/perparimisteel.com\/#\/schema\/logo\/image\/\",\"url\":\"https:\/\/perparimisteel.com\/wp-content\/uploads\/2022\/09\/Logo-Perparimi-Final-gray.png\",\"contentUrl\":\"https:\/\/perparimisteel.com\/wp-content\/uploads\/2022\/09\/Logo-Perparimi-Final-gray.png\",\"width\":258,\"height\":185,\"caption\":\"Perparimi Steel\"},\"image\":{\"@id\":\"https:\/\/perparimisteel.com\/#\/schema\/logo\/image\/\"}}]}<\/script>\n<!-- \/ Yoast SEO Premium plugin. -->","yoast_head_json":{"title":"Produkte - Perparimi Steel","robots":{"index":"index","follow":"follow","max-snippet":"max-snippet:-1","max-image-preview":"max-image-preview:large","max-video-preview":"max-video-preview:-1"},"canonical":"https:\/\/perparimisteel.com\/sq\/produkte\/","og_locale":"sq_AL","og_type":"article","og_title":"Produkte","og_description":"Tel Bari Teli i Barit \u00ebsht\u00eb b\u00ebr\u00eb nga \u00e7eliku me cil\u00ebsi t\u00eb lart\u00eb me karbon t\u00eb ul\u00ebt, i cili p\u00ebrdoret shpesh p\u00ebr thurje dhe ruajtje zakonisht n\u00eb [&hellip;]","og_url":"https:\/\/perparimisteel.com\/sq\/produkte\/","og_site_name":"Perparimi Steel","article_modified_time":"2024-08-05T11:05:24+00:00","og_image":[{"url":"https:\/\/perparimisteel.com\/wp-content\/uploads\/elementor\/thumbs\/raw-materior-steel-bar-steel-line-construction-site-banner-size-1-e1662713605638-pui2w6lngl97hkn2niktrk5nwdhesni65kwdvtbzqk.jpg","type":"","width":"","height":""}],"twitter_card":"summary_large_image","twitter_misc":{"Est. reading time":"2 minutes"},"schema":{"@context":"https:\/\/schema.org","@graph":[{"@type":"WebPage","@id":"https:\/\/perparimisteel.com\/sq\/produkte\/","url":"https:\/\/perparimisteel.com\/sq\/produkte\/","name":"Produkte - Perparimi Steel","isPartOf":{"@id":"https:\/\/perparimisteel.com\/#website"},"primaryImageOfPage":{"@id":"https:\/\/perparimisteel.com\/sq\/produkte\/#primaryimage"},"image":{"@id":"https:\/\/perparimisteel.com\/sq\/produkte\/#primaryimage"},"thumbnailUrl":"https:\/\/perparimisteel.com\/wp-content\/uploads\/elementor\/thumbs\/raw-materior-steel-bar-steel-line-construction-site-banner-size-1-e1662713605638-pui2w6lngl97hkn2niktrk5nwdhesni65kwdvtbzqk.jpg","datePublished":"2022-04-11T09:48:24+00:00","dateModified":"2024-08-05T11:05:24+00:00","breadcrumb":{"@id":"https:\/\/perparimisteel.com\/sq\/produkte\/#breadcrumb"},"inLanguage":"sq-AL","potentialAction":[{"@type":"ReadAction","target":["https:\/\/perparimisteel.com\/sq\/produkte\/"]}]},{"@type":"ImageObject","inLanguage":"sq-AL","@id":"https:\/\/perparimisteel.com\/sq\/produkte\/#primaryimage","url":"https:\/\/perparimisteel.com\/wp-content\/uploads\/elementor\/thumbs\/raw-materior-steel-bar-steel-line-construction-site-banner-size-1-e1662713605638-pui2w6lngl97hkn2niktrk5nwdhesni65kwdvtbzqk.jpg","contentUrl":"https:\/\/perparimisteel.com\/wp-content\/uploads\/elementor\/thumbs\/raw-materior-steel-bar-steel-line-construction-site-banner-size-1-e1662713605638-pui2w6lngl97hkn2niktrk5nwdhesni65kwdvtbzqk.jpg"},{"@type":"BreadcrumbList","@id":"https:\/\/perparimisteel.com\/sq\/produkte\/#breadcrumb","itemListElement":[{"@type":"ListItem","position":1,"name":"Home","item":"https:\/\/perparimisteel.com\/"},{"@type":"ListItem","position":2,"name":"Produkte"}]},{"@type":"WebSite","@id":"https:\/\/perparimisteel.com\/#website","url":"https:\/\/perparimisteel.com\/","name":"Perparimi Steel","description":"Steel Products","publisher":{"@id":"https:\/\/perparimisteel.com\/#organization"},"potentialAction":[{"@type":"SearchAction","target":{"@type":"EntryPoint","urlTemplate":"https:\/\/perparimisteel.com\/?s={search_term_string}"},"query-input":{"@type":"PropertyValueSpecification","valueRequired":true,"valueName":"search_term_string"}}],"inLanguage":"sq-AL"},{"@type":"Organization","@id":"https:\/\/perparimisteel.com\/#organization","name":"Perparimi Steel","url":"https:\/\/perparimisteel.com\/","logo":{"@type":"ImageObject","inLanguage":"sq-AL","@id":"https:\/\/perparimisteel.com\/#\/schema\/logo\/image\/","url":"https:\/\/perparimisteel.com\/wp-content\/uploads\/2022\/09\/Logo-Perparimi-Final-gray.png","contentUrl":"https:\/\/perparimisteel.com\/wp-content\/uploads\/2022\/09\/Logo-Perparimi-Final-gray.png","width":258,"height":185,"caption":"Perparimi Steel"},"image":{"@id":"https:\/\/perparimisteel.com\/#\/schema\/logo\/image\/"}}]}},"_links":{"self":[{"href":"https:\/\/perparimisteel.com\/sq\/wp-json\/wp\/v2\/pages\/5733","targetHints":{"allow":["GET"]}}],"collection":[{"href":"https:\/\/perparimisteel.com\/sq\/wp-json\/wp\/v2\/pages"}],"about":[{"href":"https:\/\/perparimisteel.com\/sq\/wp-json\/wp\/v2\/types\/page"}],"author":[{"embeddable":true,"href":"https:\/\/perparimisteel.com\/sq\/wp-json\/wp\/v2\/users\/1"}],"replies":[{"embeddable":true,"href":"https:\/\/perparimisteel.com\/sq\/wp-json\/wp\/v2\/comments?post=5733"}],"version-history":[{"count":36,"href":"https:\/\/perparimisteel.com\/sq\/wp-json\/wp\/v2\/pages\/5733\/revisions"}],"predecessor-version":[{"id":6329,"href":"https:\/\/perparimisteel.com\/sq\/wp-json\/wp\/v2\/pages\/5733\/revisions\/6329"}],"wp:attachment":[{"href":"https:\/\/perparimisteel.com\/sq\/wp-json\/wp\/v2\/media?parent=5733"}],"curies":[{"name":"wp","href":"https:\/\/api.w.org\/{rel}","templated":true}]}}